{"id":218,"date":"2024-07-14T02:07:50","date_gmt":"2024-07-14T02:07:50","guid":{"rendered":"https:\/\/reinarmarketing.com.br\/mkt\/?page_id=218"},"modified":"2025-10-01T18:10:32","modified_gmt":"2025-10-01T18:10:32","slug":"automacoes-de-atendimento","status":"publish","type":"page","link":"https:\/\/reinarmarketing.com.br\/mkt\/automacoes-de-atendimento\/","title":{"rendered":"Automa\u00e7\u00f5es de Atendimento"},"content":{"rendered":"\n<div style=\"height:40px\" aria-hidden=\"true\" class=\"wp-block-spacer\"><\/div>\n\n\n\n<div class=\"wp-block-media-text has-media-on-the-right is-stacked-on-mobile is-vertically-aligned-center\" style=\"grid-template-columns:auto 32%\"><div class=\"wp-block-media-text__content\">\n<h2 class=\"wp-block-heading has-black-color has-text-color\" style=\"font-size:28px;font-style:normal;font-weight:700;line-height:1.3\">A automatiza\u00e7\u00e3o do atendimento \u00e9 a chave para empresas com alta demanda <\/h2>\n\n\n\n<p style=\"font-size:17px;line-height:1.6\"><\/p>\n\n\n\n<div style=\"height:16px\" aria-hidden=\"true\" class=\"wp-block-spacer\"><\/div>\n\n\n\n<h3 class=\"wp-block-heading\" style=\"font-size:20px;font-style:normal;font-weight:600\">Como funciona:<\/h3>\n\n\n\n<p style=\"font-size:16px;line-height:1.6\"><\/p>\n\n\n\n<div style=\"height:16px\" aria-hidden=\"true\" class=\"wp-block-spacer\"><\/div>\n\n\n\n<p style=\"font-size:16px;line-height:1.6\"><\/p>\n\n\n\n<div style=\"height:28px\" aria-hidden=\"true\" class=\"wp-block-spacer\"><\/div>\n\n\n\n<div class=\"wp-block-buttons is-content-justification-left is-layout-flex wp-container-core-buttons-is-layout-fc4fd283 wp-block-buttons-is-layout-flex\">\n<div class=\"wp-block-button\"><a class=\"wp-block-button__link has-white-color has-vivid-cyan-blue-background-color has-text-color has-background has-custom-font-size wp-element-button\" href=\"https:\/\/lp.reinarmarketing.com.br\/consultoriaonlinesite\" style=\"border-radius:50px;padding-top:14px;padding-right:32px;padding-bottom:14px;padding-left:32px;font-size:16px\">Agendar Consultoria <\/a><\/div>\n<\/div>\n<\/div><figure class=\"wp-block-media-text__media\"><img decoding=\"async\" width=\"1024\" height=\"1024\" data-src=\"https:\/\/reinarmarketing.com.br\/mkt\/wp-content\/uploads\/2024\/07\/automacao-reinar-1024x1024.jpg\" alt=\"Automa\u00e7\u00e3o Reinar\" class=\"wp-image-262 size-full lazyload\" data-srcset=\"https:\/\/reinarmarketing.com.br\/mkt\/wp-content\/uploads\/2024\/07\/automacao-reinar-1024x1024.jpg 1024w, https:\/\/reinarmarketing.com.br\/mkt\/wp-content\/uploads\/2024\/07\/automacao-reinar-300x300.jpg 300w, https:\/\/reinarmarketing.com.br\/mkt\/wp-content\/uploads\/2024\/07\/automacao-reinar-150x150.jpg 150w, https:\/\/reinarmarketing.com.br\/mkt\/wp-content\/uploads\/2024\/07\/automacao-reinar-768x768.jpg 768w, https:\/\/reinarmarketing.com.br\/mkt\/wp-content\/uploads\/2024\/07\/automacao-reinar.jpg 1080w\" data-sizes=\"(max-width: 1024px) 100vw, 1024px\" src=\"data:image\/svg+xml;base64,PHN2ZyB3aWR0aD0iMSIgaGVpZ2h0PSIxIiB4bWxucz0iaHR0cDovL3d3dy53My5vcmcvMjAwMC9zdmciPjwvc3ZnPg==\" style=\"--smush-placeholder-width: 1024px; --smush-placeholder-aspect-ratio: 1024\/1024;\" \/><\/figure><\/div>\n\n\n\n<div style=\"height:40px\" aria-hidden=\"true\" class=\"wp-block-spacer\"><\/div>\n","protected":false},"excerpt":{"rendered":"","protected":false},"author":1,"featured_media":0,"parent":0,"menu_order":0,"comment_status":"closed","ping_status":"closed","template":"","meta":{"footnotes":""},"class_list":["post-218","page","type-page","status-publish","hentry"],"_links":{"self":[{"href":"https:\/\/reinarmarketing.com.br\/mkt\/wp-json\/wp\/v2\/pages\/218","targetHints":{"allow":["GET"]}}],"collection":[{"href":"https:\/\/reinarmarketing.com.br\/mkt\/wp-json\/wp\/v2\/pages"}],"about":[{"href":"https:\/\/reinarmarketing.com.br\/mkt\/wp-json\/wp\/v2\/types\/page"}],"author":[{"embeddable":true,"href":"https:\/\/reinarmarketing.com.br\/mkt\/wp-json\/wp\/v2\/users\/1"}],"replies":[{"embeddable":true,"href":"https:\/\/reinarmarketing.com.br\/mkt\/wp-json\/wp\/v2\/comments?post=218"}],"version-history":[{"count":11,"href":"https:\/\/reinarmarketing.com.br\/mkt\/wp-json\/wp\/v2\/pages\/218\/revisions"}],"predecessor-version":[{"id":1719,"href":"https:\/\/reinarmarketing.com.br\/mkt\/wp-json\/wp\/v2\/pages\/218\/revisions\/1719"}],"wp:attachment":[{"href":"https:\/\/reinarmarketing.com.br\/mkt\/wp-json\/wp\/v2\/media?parent=218"}],"curies":[{"name":"wp","href":"https:\/\/api.w.org\/{rel}","templated":true}]}}